{"id":4768,"date":"2025-02-24T12:01:52","date_gmt":"2025-02-24T15:01:52","guid":{"rendered":"https:\/\/ealgrouptravel.mx\/?page_id=4768"},"modified":"2025-12-29T12:09:38","modified_gmt":"2025-12-29T15:09:38","slug":"europa-y-jubileo","status":"publish","type":"page","link":"https:\/\/ealgrouptravel.mx\/en\/programas\/europa-y-jubileo\/","title":{"rendered":"Europa y Jubileo"},"content":{"rendered":"\t\t<div data-elementor-type=\"wp-page\" data-elementor-id=\"4768\" class=\"elementor elementor-4768\" data-elementor-post-type=\"page\">\n\t\t\t\t<div class=\"elementor-element elementor-element-0885e27 e-flex e-con-boxed e-con e-parent\" data-id=\"0885e27\" data-element_type=\"container\" data-e-type=\"container\" data-settings=\"{&quot;background_background&quot;:&quot;classic&quot;}\">\n\t\t\t\t\t<div class=\"e-con-inner\">\n\t\t<div class=\"elementor-element elementor-element-f36da49 e-con-full e-flex e-con e-child\" data-id=\"f36da49\" data-element_type=\"container\" data-e-type=\"container\">\n\t\t\t\t<div class=\"elementor-element elementor-element-093709e pp-image-slider-carousel pp-ins-normal pp-ins-hover-normal elementor-widget elementor-widget-pp-image-slider\" data-id=\"093709e\" data-element_type=\"widget\" data-e-type=\"widget\" data-settings=\"{&quot;skin&quot;:&quot;carousel&quot;,&quot;pause_on_hover&quot;:&quot;yes&quot;,&quot;infinite_loop&quot;:&quot;yes&quot;}\" data-widget_type=\"pp-image-slider.default\">\n\t\t\t\t<div class=\"elementor-widget-container\">\n\t\t\t\t\t\t\t\t\t<div class=\"pp-image-slider-container pp-thumbs-equal-height\">\n\t\t\t<div class=\"pp-image-slider-wrap swiper-container-wrap\">\n\t\t\t\t<div class=\"pp-image-slider-box\">\n\t\t\t\t\t<div class=\"pp-image-slider pp-swiper-slider swiper\" id=\"pp-image-slider-093709e\" data-slider-settings=\"{&quot;direction&quot;:&quot;horizontal&quot;,&quot;effect&quot;:&quot;slide&quot;,&quot;speed&quot;:1000,&quot;slides_per_view&quot;:4,&quot;slides_per_group&quot;:1,&quot;space_between&quot;:20,&quot;auto_height&quot;:true,&quot;loop&quot;:&quot;yes&quot;,&quot;autoplay&quot;:&quot;yes&quot;,&quot;autoplay_speed&quot;:5000,&quot;show_arrows&quot;:true,&quot;slides_per_view_mobile&quot;:2,&quot;slides_per_group_mobile&quot;:1,&quot;space_between_mobile&quot;:10,&quot;slides_per_view_tablet&quot;:3,&quot;slides_per_group_tablet&quot;:1,&quot;space_between_tablet&quot;:10}\">\n\t\t\t\t\t\t<div class=\"swiper-wrapper\">\n\t\t\t\t\t\t\t\t\t\t<div class=\"pp-image-slider-thumb-item-wrap pp-swiper-slide swiper-slide\">\n\t\t\t\t<div class=\"pp-image-slider-thumb-item pp-image pp-ins-filter-hover\"><div class=\"pp-image-slider-thumb-image pp-ins-filter-target\" style=\"background-image:url(https:\/\/ealgrouptravel.mx\/wp-content\/uploads\/2025\/07\/IMG_4191-2-683x1024.jpg)\"><\/div><div class=\"pp-image-slider-thumb-overlay pp-media-overlay\"><\/div><\/div>\t\t\t<\/div>\n\t\t\t\t\t\t<div class=\"pp-image-slider-thumb-item-wrap pp-swiper-slide swiper-slide\">\n\t\t\t\t<div class=\"pp-image-slider-thumb-item pp-image pp-ins-filter-hover\"><div class=\"pp-image-slider-thumb-image pp-ins-filter-target\" style=\"background-image:url(https:\/\/ealgrouptravel.mx\/wp-content\/uploads\/2025\/07\/IMG_4086-768x1024.jpg)\"><\/div><div class=\"pp-image-slider-thumb-overlay pp-media-overlay\"><\/div><\/div>\t\t\t<\/div>\n\t\t\t\t\t\t<div class=\"pp-image-slider-thumb-item-wrap pp-swiper-slide swiper-slide\">\n\t\t\t\t<div class=\"pp-image-slider-thumb-item pp-image pp-ins-filter-hover\"><div class=\"pp-image-slider-thumb-image pp-ins-filter-target\" style=\"background-image:url(https:\/\/ealgrouptravel.mx\/wp-content\/uploads\/2025\/07\/IMG_4956-2-768x1024.jpg)\"><\/div><div class=\"pp-image-slider-thumb-overlay pp-media-overlay\"><\/div><\/div>\t\t\t<\/div>\n\t\t\t\t\t\t<div class=\"pp-image-slider-thumb-item-wrap pp-swiper-slide swiper-slide\">\n\t\t\t\t<div class=\"pp-image-slider-thumb-item pp-image pp-ins-filter-hover\"><div class=\"pp-image-slider-thumb-image pp-ins-filter-target\" style=\"background-image:url(https:\/\/ealgrouptravel.mx\/wp-content\/uploads\/2025\/07\/IMG_5192-683x1024.jpg)\"><\/div><div class=\"pp-image-slider-thumb-overlay pp-media-overlay\"><\/div><\/div>\t\t\t<\/div>\n\t\t\t\t\t\t\t\t\t<\/div>\n\t\t\t\t\t<\/div>\n\t\t\t\t\t\t\t\t\t<div class=\"pp-slider-arrow elementor-swiper-button-prev swiper-button-prev-093709e\" role=\"button\" tabindex=\"0\">\n\t\t\t\t\t<svg aria-hidden=\"true\" class=\"e-font-icon-svg e-fas-chevron-left\" viewBox=\"0 0 320 512\" xmlns=\"http:\/\/www.w3.org\/2000\/svg\"><path d=\"M34.52 239.03L228.87 44.69c9.37-9.37 24.57-9.37 33.94 0l22.67 22.67c9.36 9.36 9.37 24.52.04 33.9L131.49 256l154.02 154.75c9.34 9.38 9.32 24.54-.04 33.9l-22.67 22.67c-9.37 9.37-24.57 9.37-33.94 0L34.52 272.97c-9.37-9.37-9.37-24.57 0-33.94z\"><\/path><\/svg>\t\t\t\t<\/div>\n\t\t\t\t<div class=\"pp-slider-arrow elementor-swiper-button-next swiper-button-next-093709e\" role=\"button\" tabindex=\"0\">\n\t\t\t\t\t<svg aria-hidden=\"true\" class=\"e-font-icon-svg e-fas-chevron-right\" viewBox=\"0 0 320 512\" xmlns=\"http:\/\/www.w3.org\/2000\/svg\"><path d=\"M285.476 272.971L91.132 467.314c-9.373 9.373-24.569 9.373-33.941 0l-22.667-22.667c-9.357-9.357-9.375-24.522-.04-33.901L188.505 256 34.484 101.255c-9.335-9.379-9.317-24.544.04-33.901l22.667-22.667c9.373-9.373 24.569-9.373 33.941 0L285.475 239.03c9.373 9.372 9.373 24.568.001 33.941z\"><\/path><\/svg>\t\t\t\t<\/div>\n\t\t\t\t\t\t\t<\/div>\n\t\t\t<\/div>\n\t\t\t\t\t<\/div>\n\t\t\t\t\t\t\t<\/div>\n\t\t\t\t<\/div>\n\t\t\t\t<\/div>\n\t\t\t\t\t<\/div>\n\t\t\t\t<\/div>\n\t\t<div class=\"elementor-element elementor-element-181804c e-flex e-con-boxed e-con e-parent\" data-id=\"181804c\" data-element_type=\"container\" data-e-type=\"container\" data-settings=\"{&quot;background_background&quot;:&quot;classic&quot;}\">\n\t\t\t\t\t<div class=\"e-con-inner\">\n\t\t<div class=\"elementor-element elementor-element-9c14737 e-con-full e-flex e-con e-child\" data-id=\"9c14737\" data-element_type=\"container\" data-e-type=\"container\">\n\t\t\t\t<div class=\"elementor-element elementor-element-529077a elementor-widget elementor-widget-heading\" data-id=\"529077a\" data-element_type=\"widget\" data-e-type=\"widget\" data-widget_type=\"heading.default\">\n\t\t\t\t<div class=\"elementor-widget-container\">\n\t\t\t\t\t<h2 class=\"elementor-heading-title elementor-size-default\">Europa y Jubileo en Roma<\/h2>\t\t\t\t<\/div>\n\t\t\t\t<\/div>\n\t\t\t\t<div class=\"elementor-element elementor-element-3443a5f elementor-position-inline-start elementor-mobile-position-inline-start elementor-view-default elementor-widget elementor-widget-icon-box\" data-id=\"3443a5f\" data-element_type=\"widget\" data-e-type=\"widget\" data-widget_type=\"icon-box.default\">\n\t\t\t\t<div class=\"elementor-widget-container\">\n\t\t\t\t\t\t\t<div class=\"elementor-icon-box-wrapper\">\n\n\t\t\t\t\t\t<div class=\"elementor-icon-box-icon\">\n\t\t\t\t<span  class=\"elementor-icon\">\n\t\t\t\t<svg xmlns=\"http:\/\/www.w3.org\/2000\/svg\" id=\"Capa_1\" data-name=\"Capa 1\" viewBox=\"0 0 120.01 165.57\"><path d=\"M58.74,165.17a30.45,30.45,0,0,1-4.11-3.44c-13.77-16-26.4-32.86-36.94-51.19C11.56,99.89,6.2,88.87,2.87,77-2.11,59.1.2,42.23,10.54,26.85,20.37,12.23,34.25,3.48,51.78,1c17.14-2.4,32.61,2,46,12.89,11.8,9.62,18.83,22.15,21.23,37.26,1.86,11.76-.38,22.94-4.45,33.88-5.44,14.66-13.23,28.09-21.86,41.05a360.5,360.5,0,0,1-27.26,35.62,30.54,30.54,0,0,1-4.12,3.44ZM60,151.47a6.79,6.79,0,0,0,.57-.53c12.72-15.41,24.56-31.43,34.3-48.91,5.36-9.61,10-19.55,12.61-30.31a46.76,46.76,0,0,0,.17-22.91C102.39,28.14,86,13.65,65.07,11.4a47.76,47.76,0,0,0-30.75,7.06A48.87,48.87,0,0,0,12.84,72.68a133.22,133.22,0,0,0,12.7,29.93c8.07,14.46,17.7,27.86,27.9,40.86C55.55,146.15,57.75,148.76,60,151.47Z\"><\/path><path d=\"M60,90.09a30,30,0,1,1,30-30A30.09,30.09,0,0,1,60,90.09Zm0-10.81A19.25,19.25,0,1,0,40.73,60.1,19.29,19.29,0,0,0,60,79.28Z\"><\/path><\/svg>\t\t\t\t<\/span>\n\t\t\t<\/div>\n\t\t\t\n\t\t\t\t\t\t<div class=\"elementor-icon-box-content\">\n\n\t\t\t\t\t\t\t\t\t<h3 class=\"elementor-icon-box-title\">\n\t\t\t\t\t\t<span  >\n\t\t\t\t\t\t\tCiudades:\t\t\t\t\t\t<\/span>\n\t\t\t\t\t<\/h3>\n\t\t\t\t\n\t\t\t\t\t\t\t\t\t<p class=\"elementor-icon-box-description\">\n\t\t\t\t\t\tMadrid - Par\u00eds - Berlin - Dresde - Praga - Lednice Gyor - Budapest -Bratislava - Viena - Roma\t\t\t\t\t<\/p>\n\t\t\t\t\n\t\t\t<\/div>\n\t\t\t\n\t\t<\/div>\n\t\t\t\t\t\t<\/div>\n\t\t\t\t<\/div>\n\t\t\t\t<div class=\"elementor-element elementor-element-0d97ded elementor-position-inline-start elementor-mobile-position-inline-start elementor-view-default elementor-widget elementor-widget-icon-box\" data-id=\"0d97ded\" data-element_type=\"widget\" data-e-type=\"widget\" data-widget_type=\"icon-box.default\">\n\t\t\t\t<div class=\"elementor-widget-container\">\n\t\t\t\t\t\t\t<div class=\"elementor-icon-box-wrapper\">\n\n\t\t\t\t\t\t<div class=\"elementor-icon-box-icon\">\n\t\t\t\t<span  class=\"elementor-icon\">\n\t\t\t\t<svg aria-hidden=\"true\" class=\"e-font-icon-svg e-far-calendar-alt\" viewBox=\"0 0 448 512\" xmlns=\"http:\/\/www.w3.org\/2000\/svg\"><path d=\"M148 288h-40c-6.6 0-12-5.4-12-12v-40c0-6.6 5.4-12 12-12h40c6.6 0 12 5.4 12 12v40c0 6.6-5.4 12-12 12zm108-12v-40c0-6.6-5.4-12-12-12h-40c-6.6 0-12 5.4-12 12v40c0 6.6 5.4 12 12 12h40c6.6 0 12-5.4 12-12zm96 0v-40c0-6.6-5.4-12-12-12h-40c-6.6 0-12 5.4-12 12v40c0 6.6 5.4 12 12 12h40c6.6 0 12-5.4 12-12zm-96 96v-40c0-6.6-5.4-12-12-12h-40c-6.6 0-12 5.4-12 12v40c0 6.6 5.4 12 12 12h40c6.6 0 12-5.4 12-12zm-96 0v-40c0-6.6-5.4-12-12-12h-40c-6.6 0-12 5.4-12 12v40c0 6.6 5.4 12 12 12h40c6.6 0 12-5.4 12-12zm192 0v-40c0-6.6-5.4-12-12-12h-40c-6.6 0-12 5.4-12 12v40c0 6.6 5.4 12 12 12h40c6.6 0 12-5.4 12-12zm96-260v352c0 26.5-21.5 48-48 48H48c-26.5 0-48-21.5-48-48V112c0-26.5 21.5-48 48-48h48V12c0-6.6 5.4-12 12-12h40c6.6 0 12 5.4 12 12v52h128V12c0-6.6 5.4-12 12-12h40c6.6 0 12 5.4 12 12v52h48c26.5 0 48 21.5 48 48zm-48 346V160H48v298c0 3.3 2.7 6 6 6h340c3.3 0 6-2.7 6-6z\"><\/path><\/svg>\t\t\t\t<\/span>\n\t\t\t<\/div>\n\t\t\t\n\t\t\t\t\t\t<div class=\"elementor-icon-box-content\">\n\n\t\t\t\t\t\t\t\t\t<h3 class=\"elementor-icon-box-title\">\n\t\t\t\t\t\t<span  >\n\t\t\t\t\t\t\tFecha del viaje\t\t\t\t\t\t<\/span>\n\t\t\t\t\t<\/h3>\n\t\t\t\t\n\t\t\t\t\t\t\t\t\t<p class=\"elementor-icon-box-description\">\n\t\t\t\t\t\t22 de mayo al 9 de junio 2025\t\t\t\t\t<\/p>\n\t\t\t\t\n\t\t\t<\/div>\n\t\t\t\n\t\t<\/div>\n\t\t\t\t\t\t<\/div>\n\t\t\t\t<\/div>\n\t\t\t\t<div class=\"elementor-element elementor-element-b563171 elementor-widget-divider--view-line elementor-widget elementor-widget-divider\" data-id=\"b563171\" data-element_type=\"widget\" data-e-type=\"widget\" data-widget_type=\"divider.default\">\n\t\t\t\t<div class=\"elementor-widget-container\">\n\t\t\t\t\t\t\t<div class=\"elementor-divider\">\n\t\t\t<span class=\"elementor-divider-separator\">\n\t\t\t\t\t\t<\/span>\n\t\t<\/div>\n\t\t\t\t\t\t<\/div>\n\t\t\t\t<\/div>\n\t\t\t\t<div class=\"elementor-element elementor-element-9cc7e33 elementor-widget elementor-widget-heading\" data-id=\"9cc7e33\" data-element_type=\"widget\" data-e-type=\"widget\" data-widget_type=\"heading.default\">\n\t\t\t\t<div class=\"elementor-widget-container\">\n\t\t\t\t\t<h2 class=\"elementor-heading-title elementor-size-default\">Recuerdos de una experiencia \u00fanica.<\/h2>\t\t\t\t<\/div>\n\t\t\t\t<\/div>\n\t\t\t\t<div class=\"elementor-element elementor-element-4cbe106 elementor-widget elementor-widget-text-editor\" data-id=\"4cbe106\" data-element_type=\"widget\" data-e-type=\"widget\" data-widget_type=\"text-editor.default\">\n\t\t\t\t<div class=\"elementor-widget-container\">\n\t\t\t\t\t\t\t\t\t<p>Un viaje en el que vivimos TODO. Fe, cultura, historia, arte, arquitectura y gastronom\u00eda. Conocimos ciudades emblem\u00e1ticas de Europa. Destinos que se mantienen inalterables al paso del tiempo. Y en ocasi\u00f3n del Jubileo 2025 llegamos a Roma para impregnarnos de una fe viva.<\/p><p><strong>\u00a1Disfrutamos y nos llenamos de recuerdos inolvidables!<\/strong><\/p>\t\t\t\t\t\t\t\t<\/div>\n\t\t\t\t<\/div>\n\t\t\t\t<div class=\"elementor-element elementor-element-ae1bd47 elementor-widget elementor-widget-gallery\" data-id=\"ae1bd47\" data-element_type=\"widget\" data-e-type=\"widget\" data-settings=\"{&quot;columns&quot;:3,&quot;gap&quot;:{&quot;unit&quot;:&quot;px&quot;,&quot;size&quot;:5,&quot;sizes&quot;:[]},&quot;aspect_ratio&quot;:&quot;1:1&quot;,&quot;lazyload&quot;:&quot;yes&quot;,&quot;gallery_layout&quot;:&quot;grid&quot;,&quot;columns_tablet&quot;:2,&quot;columns_mobile&quot;:1,&quot;gap_tablet&quot;:{&quot;unit&quot;:&quot;px&quot;,&quot;size&quot;:10,&quot;sizes&quot;:[]},&quot;gap_mobile&quot;:{&quot;unit&quot;:&quot;px&quot;,&quot;size&quot;:10,&quot;sizes&quot;:[]},&quot;content_hover_animation&quot;:&quot;fade-in&quot;}\" data-widget_type=\"gallery.default\">\n\t\t\t\t<div class=\"elementor-widget-container\">\n\t\t\t\t\t\t\t<div class=\"elementor-gallery__container\">\n\t\t\t\t\t\t\t<div class=\"e-gallery-item elementor-gallery-item elementor-animated-content\">\n\t\t\t\t\t<div class=\"e-gallery-image elementor-gallery-item__image\" data-thumbnail=\"https:\/\/ealgrouptravel.mx\/wp-content\/uploads\/2025\/07\/10ae734f-5f68-4856-9429-bbee3ddaf312-768x1024.jpg\" data-width=\"768\" data-height=\"1024\" aria-label=\"\" role=\"img\" ><\/div>\n\t\t\t\t\t\t\t\t\t\t\t\t\t\t<\/div>\n\t\t\t\t\t\t\t<div class=\"e-gallery-item elementor-gallery-item elementor-animated-content\">\n\t\t\t\t\t<div class=\"e-gallery-image elementor-gallery-item__image\" data-thumbnail=\"https:\/\/ealgrouptravel.mx\/wp-content\/uploads\/2025\/07\/14f1299e-efac-4cbf-96ec-3168ab0edd9f-768x1024.jpg\" data-width=\"768\" data-height=\"1024\" aria-label=\"\" role=\"img\" ><\/div>\n\t\t\t\t\t\t\t\t\t\t\t\t\t\t<\/div>\n\t\t\t\t\t\t\t<div class=\"e-gallery-item elementor-gallery-item elementor-animated-content\">\n\t\t\t\t\t<div class=\"e-gallery-image elementor-gallery-item__image\" data-thumbnail=\"https:\/\/ealgrouptravel.mx\/wp-content\/uploads\/2025\/07\/46a3c91c-9e11-4bb9-95c5-1f0fa95a2606-768x1024.jpg\" data-width=\"768\" data-height=\"1024\" aria-label=\"\" role=\"img\" ><\/div>\n\t\t\t\t\t\t\t\t\t\t\t\t\t\t<\/div>\n\t\t\t\t\t\t\t<div class=\"e-gallery-item elementor-gallery-item elementor-animated-content\">\n\t\t\t\t\t<div class=\"e-gallery-image elementor-gallery-item__image\" data-thumbnail=\"https:\/\/ealgrouptravel.mx\/wp-content\/uploads\/2025\/07\/430eb473-2a15-4c21-8202-1b792f9bd674-768x576.jpg\" data-width=\"768\" data-height=\"576\" aria-label=\"\" role=\"img\" ><\/div>\n\t\t\t\t\t\t\t\t\t\t\t\t\t\t<\/div>\n\t\t\t\t\t\t\t<div class=\"e-gallery-item elementor-gallery-item elementor-animated-content\">\n\t\t\t\t\t<div class=\"e-gallery-image elementor-gallery-item__image\" data-thumbnail=\"https:\/\/ealgrouptravel.mx\/wp-content\/uploads\/2025\/07\/ce436aeb-c94a-4938-90ec-1ec71f0c23ce-768x1024.jpg\" data-width=\"768\" data-height=\"1024\" aria-label=\"\" role=\"img\" ><\/div>\n\t\t\t\t\t\t\t\t\t\t\t\t\t\t<\/div>\n\t\t\t\t\t\t\t<div class=\"e-gallery-item elementor-gallery-item elementor-animated-content\">\n\t\t\t\t\t<div class=\"e-gallery-image elementor-gallery-item__image\" data-thumbnail=\"https:\/\/ealgrouptravel.mx\/wp-content\/uploads\/2025\/07\/IMG_3630-768x1024.jpg\" data-width=\"768\" data-height=\"1024\" aria-label=\"\" role=\"img\" ><\/div>\n\t\t\t\t\t\t\t\t\t\t\t\t\t\t<\/div>\n\t\t\t\t\t\t\t<div class=\"e-gallery-item elementor-gallery-item elementor-animated-content\">\n\t\t\t\t\t<div class=\"e-gallery-image elementor-gallery-item__image\" data-thumbnail=\"https:\/\/ealgrouptravel.mx\/wp-content\/uploads\/2025\/07\/IMG_3699-768x1024.jpg\" data-width=\"768\" data-height=\"1024\" aria-label=\"\" role=\"img\" ><\/div>\n\t\t\t\t\t\t\t\t\t\t\t\t\t\t<\/div>\n\t\t\t\t\t\t\t<div class=\"e-gallery-item elementor-gallery-item elementor-animated-content\">\n\t\t\t\t\t<div class=\"e-gallery-image elementor-gallery-item__image\" data-thumbnail=\"https:\/\/ealgrouptravel.mx\/wp-content\/uploads\/2025\/07\/IMG_4153-768x576.jpg\" data-width=\"768\" data-height=\"576\" aria-label=\"\" role=\"img\" ><\/div>\n\t\t\t\t\t\t\t\t\t\t\t\t\t\t<\/div>\n\t\t\t\t\t\t\t<div class=\"e-gallery-item elementor-gallery-item elementor-animated-content\">\n\t\t\t\t\t<div class=\"e-gallery-image elementor-gallery-item__image\" data-thumbnail=\"https:\/\/ealgrouptravel.mx\/wp-content\/uploads\/2025\/07\/IMG_4273-2-768x1024.jpg\" data-width=\"768\" data-height=\"1024\" aria-label=\"\" role=\"img\" ><\/div>\n\t\t\t\t\t\t\t\t\t\t\t\t\t\t<\/div>\n\t\t\t\t\t<\/div>\n\t\t\t\t\t<\/div>\n\t\t\t\t<\/div>\n\t\t\t\t<div class=\"elementor-element elementor-element-d182103 elementor-widget elementor-widget-heading\" data-id=\"d182103\" data-element_type=\"widget\" data-e-type=\"widget\" data-widget_type=\"heading.default\">\n\t\t\t\t<div class=\"elementor-widget-container\">\n\t\t\t\t\t<h2 class=\"elementor-heading-title elementor-size-default\">Hac\u00e9 click y conoc\u00e9 todo el itinerario del viaje.<\/h2>\t\t\t\t<\/div>\n\t\t\t\t<\/div>\n\t\t\t\t<div class=\"elementor-element elementor-element-3e0e00d elementor-widget elementor-widget-button\" data-id=\"3e0e00d\" data-element_type=\"widget\" data-e-type=\"widget\" data-widget_type=\"button.default\">\n\t\t\t\t<div class=\"elementor-widget-container\">\n\t\t\t\t\t\t\t\t\t<div class=\"elementor-button-wrapper\">\n\t\t\t\t\t<a class=\"elementor-button elementor-button-link elementor-size-sm\" href=\"https:\/\/ealgrouptravel.mx\/wp-content\/uploads\/2025\/03\/Europa-Clasica-y-Jubileo-2025-EAL-Group.pdf\" target=\"_blank\">\n\t\t\t\t\t\t<span class=\"elementor-button-content-wrapper\">\n\t\t\t\t\t\t\t\t\t<span class=\"elementor-button-text\">VER ITINERARIO<\/span>\n\t\t\t\t\t<\/span>\n\t\t\t\t\t<\/a>\n\t\t\t\t<\/div>\n\t\t\t\t\t\t\t\t<\/div>\n\t\t\t\t<\/div>\n\t\t\t\t<\/div>\n\t\t<div class=\"elementor-element elementor-element-f7b3323 e-con-full e-flex e-con e-child\" data-id=\"f7b3323\" data-element_type=\"container\" data-e-type=\"container\">\n\t\t<div class=\"elementor-element elementor-element-bea826e container-precio e-con-full e-flex e-con e-child\" data-id=\"bea826e\" data-element_type=\"container\" data-e-type=\"container\" data-settings=\"{&quot;background_background&quot;:&quot;classic&quot;,&quot;sticky&quot;:&quot;top&quot;,&quot;sticky_parent&quot;:&quot;yes&quot;,&quot;sticky_on&quot;:[&quot;desktop&quot;,&quot;tablet&quot;,&quot;mobile&quot;],&quot;sticky_offset&quot;:0,&quot;sticky_effects_offset&quot;:0,&quot;sticky_anchor_link_offset&quot;:0}\">\n\t\t<div class=\"elementor-element elementor-element-6f770e4 e-con-full e-flex e-con e-child\" data-id=\"6f770e4\" data-element_type=\"container\" data-e-type=\"container\">\n\t\t\t\t<div class=\"elementor-element elementor-element-a3c1fae elementor-widget elementor-widget-heading\" data-id=\"a3c1fae\" data-element_type=\"widget\" data-e-type=\"widget\" data-widget_type=\"heading.default\">\n\t\t\t\t<div class=\"elementor-widget-container\">\n\t\t\t\t\t<h2 class=\"elementor-heading-title elementor-size-default\">Viaje realizado<\/h2>\t\t\t\t<\/div>\n\t\t\t\t<\/div>\n\t\t\t\t<div class=\"elementor-element elementor-element-25de1fd elementor-align-center elementor-widget elementor-widget-button\" data-id=\"25de1fd\" data-element_type=\"widget\" data-e-type=\"widget\" data-widget_type=\"button.default\">\n\t\t\t\t<div class=\"elementor-widget-container\">\n\t\t\t\t\t\t\t\t\t<div class=\"elementor-button-wrapper\">\n\t\t\t\t\t<a class=\"elementor-button elementor-button-link elementor-size-sm\" href=\"https:\/\/api.whatsapp.com\/send?phone=525573622612&#038;text=Hola%20EAL%20Group!%20Quiero%20obtener%20m%C3%A1s%20informaci%C3%B3n%20sobre%20la%20salida%20%22Europa%20y%20Jubileo%20en%20Roma%22%20Muchas%20gracias.\" target=\"_blank\">\n\t\t\t\t\t\t<span class=\"elementor-button-content-wrapper\">\n\t\t\t\t\t\t<span class=\"elementor-button-icon\">\n\t\t\t\t<svg aria-hidden=\"true\" class=\"e-font-icon-svg e-fab-whatsapp\" viewBox=\"0 0 448 512\" xmlns=\"http:\/\/www.w3.org\/2000\/svg\"><path d=\"M380.9 97.1C339 55.1 283.2 32 223.9 32c-122.4 0-222 99.6-222 222 0 39.1 10.2 77.3 29.6 111L0 480l117.7-30.9c32.4 17.7 68.9 27 106.1 27h.1c122.3 0 224.1-99.6 224.1-222 0-59.3-25.2-115-67.1-157zm-157 341.6c-33.2 0-65.7-8.9-94-25.7l-6.7-4-69.8 18.3L72 359.2l-4.4-7c-18.5-29.4-28.2-63.3-28.2-98.2 0-101.7 82.8-184.5 184.6-184.5 49.3 0 95.6 19.2 130.4 54.1 34.8 34.9 56.2 81.2 56.1 130.5 0 101.8-84.9 184.6-186.6 184.6zm101.2-138.2c-5.5-2.8-32.8-16.2-37.9-18-5.1-1.9-8.8-2.8-12.5 2.8-3.7 5.6-14.3 18-17.6 21.8-3.2 3.7-6.5 4.2-12 1.4-32.6-16.3-54-29.1-75.5-66-5.7-9.8 5.7-9.1 16.3-30.3 1.8-3.7.9-6.9-.5-9.7-1.4-2.8-12.5-30.1-17.1-41.2-4.5-10.8-9.1-9.3-12.5-9.5-3.2-.2-6.9-.2-10.6-.2-3.7 0-9.7 1.4-14.8 6.9-5.1 5.6-19.4 19-19.4 46.3 0 27.3 19.9 53.7 22.6 57.4 2.8 3.7 39.1 59.7 94.8 83.8 35.2 15.2 49 16.5 66.6 13.9 10.7-1.6 32.8-13.4 37.4-26.4 4.6-13 4.6-24.1 3.2-26.4-1.3-2.5-5-3.9-10.5-6.6z\"><\/path><\/svg>\t\t\t<\/span>\n\t\t\t\t\t\t\t\t\t<span class=\"elementor-button-text\">Consultar<\/span>\n\t\t\t\t\t<\/span>\n\t\t\t\t\t<\/a>\n\t\t\t\t<\/div>\n\t\t\t\t\t\t\t\t<\/div>\n\t\t\t\t<\/div>\n\t\t\t\t<\/div>\n\t\t\t\t<div class=\"elementor-element elementor-element-b7975e6 elementor-widget-tablet__width-inherit elementor-widget elementor-widget-text-editor\" data-id=\"b7975e6\" data-element_type=\"widget\" data-e-type=\"widget\" data-widget_type=\"text-editor.default\">\n\t\t\t\t<div class=\"elementor-widget-container\">\n\t\t\t\t\t\t\t\t\t<p>Grupo Argentina<\/p>\t\t\t\t\t\t\t\t<\/div>\n\t\t\t\t<\/div>\n\t\t\t\t<\/div>\n\t\t\t\t<\/div>\n\t\t\t\t\t<\/div>\n\t\t\t\t<\/div>\n\t\t\t\t<\/div>\n\t\t","protected":false},"excerpt":{"rendered":"<p>Europa y Jubileo en Roma Ciudades: Madrid &#8211; Par\u00eds &#8211; Berlin &#8211; Dresde &#8211; Praga &#8211; Lednice Gyor &#8211; Budapest -Bratislava &#8211; Viena &#8211; Roma Fecha del viaje 22 de mayo al 9 de junio 2025 Recuerdos de una experiencia \u00fanica. Un viaje en el que vivimos TODO. Fe, cultura, historia, arte, arquitectura y gastronom\u00eda. [&hellip;]<\/p>\n","protected":false},"author":2,"featured_media":0,"parent":2913,"menu_order":0,"comment_status":"closed","ping_status":"closed","template":"elementor_header_footer","meta":{"_acf_changed":false,"_joinchat":[],"footnotes":""},"class_list":["post-4768","page","type-page","status-publish","hentry"],"acf":[],"_links":{"self":[{"href":"https:\/\/ealgrouptravel.mx\/en\/wp-json\/wp\/v2\/pages\/4768","targetHints":{"allow":["GET"]}}],"collection":[{"href":"https:\/\/ealgrouptravel.mx\/en\/wp-json\/wp\/v2\/pages"}],"about":[{"href":"https:\/\/ealgrouptravel.mx\/en\/wp-json\/wp\/v2\/types\/page"}],"author":[{"embeddable":true,"href":"https:\/\/ealgrouptravel.mx\/en\/wp-json\/wp\/v2\/users\/2"}],"replies":[{"embeddable":true,"href":"https:\/\/ealgrouptravel.mx\/en\/wp-json\/wp\/v2\/comments?post=4768"}],"version-history":[{"count":28,"href":"https:\/\/ealgrouptravel.mx\/en\/wp-json\/wp\/v2\/pages\/4768\/revisions"}],"predecessor-version":[{"id":8073,"href":"https:\/\/ealgrouptravel.mx\/en\/wp-json\/wp\/v2\/pages\/4768\/revisions\/8073"}],"up":[{"embeddable":true,"href":"https:\/\/ealgrouptravel.mx\/en\/wp-json\/wp\/v2\/pages\/2913"}],"wp:attachment":[{"href":"https:\/\/ealgrouptravel.mx\/en\/wp-json\/wp\/v2\/media?parent=4768"}],"curies":[{"name":"wp","href":"https:\/\/api.w.org\/{rel}","templated":true}]}}