{"id":282,"date":"2024-05-26T16:53:04","date_gmt":"2024-05-26T14:53:04","guid":{"rendered":"https:\/\/ealgrouptravel.mx\/?page_id=282"},"modified":"2025-08-20T15:12:15","modified_gmt":"2025-08-20T18:12:15","slug":"faqs","status":"publish","type":"page","link":"https:\/\/ealgrouptravel.mx\/en\/faqs\/","title":{"rendered":"Faqs"},"content":{"rendered":"<div data-elementor-type=\"wp-page\" data-elementor-id=\"282\" class=\"elementor elementor-282\" data-elementor-post-type=\"page\">\n\t\t\t\t<div class=\"elementor-element elementor-element-b46bd9d e-flex e-con-boxed e-con e-parent\" data-id=\"b46bd9d\" data-element_type=\"container\" data-e-type=\"container\" data-settings=\"{&quot;background_background&quot;:&quot;classic&quot;}\">\n\t\t\t\t\t<div class=\"e-con-inner\">\n\t\t\t\t<div class=\"elementor-element elementor-element-163233d elementor-widget elementor-widget-heading\" data-id=\"163233d\" data-element_type=\"widget\" data-e-type=\"widget\" data-widget_type=\"heading.default\">\n\t\t\t\t<div class=\"elementor-widget-container\">\n\t\t\t\t\t<h1 class=\"elementor-heading-title elementor-size-default\">Preguntas Frecuentes<\/h1>\t\t\t\t<\/div>\n\t\t\t\t<\/div>\n\t\t\t\t\t<\/div>\n\t\t\t\t<\/div>\n\t\t<div class=\"elementor-element elementor-element-4973315 e-flex e-con-boxed e-con e-parent\" data-id=\"4973315\" data-element_type=\"container\" data-e-type=\"container\">\n\t\t\t\t\t<div class=\"e-con-inner\">\n\t\t<div class=\"elementor-element elementor-element-c95b23a e-con-full e-flex e-con e-child\" data-id=\"c95b23a\" data-element_type=\"container\" data-e-type=\"container\">\n\t\t\t\t<div class=\"elementor-element elementor-element-b18b486 elementor-widget elementor-widget-heading\" data-id=\"b18b486\" data-element_type=\"widget\" data-e-type=\"widget\" data-widget_type=\"heading.default\">\n\t\t\t\t<div class=\"elementor-widget-container\">\n\t\t\t\t\t<h3 class=\"elementor-heading-title elementor-size-default\">\u00bfCu\u00e1les son los destinos y programas de viaje que ofrecen actualmente?<\/h3>\t\t\t\t<\/div>\n\t\t\t\t<\/div>\n\t\t\t\t<div class=\"elementor-element elementor-element-9290c1d elementor-widget elementor-widget-text-editor\" data-id=\"9290c1d\" data-element_type=\"widget\" data-e-type=\"widget\" data-widget_type=\"text-editor.default\">\n\t\t\t\t<div class=\"elementor-widget-container\">\n\t\t\t\t\t\t\t\t\t<p><span style=\"font-weight: 400;\">Todos nuestros destinos y programas de viaje est\u00e1n detallados en nuestra secci\u00f3n \u00abProgramas\u00bb de esta web. Si est\u00e1s interesado en conocer m\u00e1s sobre alg\u00fan otro destino, te invitamos a contactarnos a trav\u00e9s de nuestro WhatsApp para obtener m\u00e1s informaci\u00f3n.<\/span><\/p>\t\t\t\t\t\t\t\t<\/div>\n\t\t\t\t<\/div>\n\t\t\t\t<\/div>\n\t\t<div class=\"elementor-element elementor-element-948bcb6 e-con-full e-flex e-con e-child\" data-id=\"948bcb6\" data-element_type=\"container\" data-e-type=\"container\">\n\t\t\t\t<div class=\"elementor-element elementor-element-8d4ad11 elementor-widget elementor-widget-heading\" data-id=\"8d4ad11\" data-element_type=\"widget\" data-e-type=\"widget\" data-widget_type=\"heading.default\">\n\t\t\t\t<div class=\"elementor-widget-container\">\n\t\t\t\t\t<h3 class=\"elementor-heading-title elementor-size-default\">\u00bfQu\u00e9 documentaci\u00f3n necesito preparar antes de embarcar en un viaje?<\/h3>\t\t\t\t<\/div>\n\t\t\t\t<\/div>\n\t\t\t\t<div class=\"elementor-element elementor-element-e4cc69f elementor-widget elementor-widget-text-editor\" data-id=\"e4cc69f\" data-element_type=\"widget\" data-e-type=\"widget\" data-widget_type=\"text-editor.default\">\n\t\t\t\t<div class=\"elementor-widget-container\">\n\t\t\t\t\t\t\t\t\t<p><span style=\"font-weight: 400;\">Cada destino tiene sus propias particularidades que debes tener en cuenta antes de viajar. Es fundamental asegurarse de contar con la documentaci\u00f3n necesaria para tu destino espec\u00edfico.<br \/><\/span><\/p><div class=\"page\" title=\"Page 7\"><div class=\"layoutArea\"><div class=\"column\"><p>Es de exclusiva obligacio\u0301n y responsabilidad del pasajero contar con toda la documentacio\u0301n habilitante para viajar al pai\u0301s de destino, visas y cumplir las vacunaciones exigidas en los lugares de destino. Las consecuencias de incumplir con estas normativas son responsabilidades propias del pasajero y sera\u0301n a su exclusivo costo las consecuencias como pe\u0301rdidas de pasajes, tra\u0301mites en embajadas, deportacio\u0301n y\/o cualquiera otra.\u00a0<\/p><p><b>PASAPORTE: <\/b><span style=\"font-weight: 400;\">Tener un pasaporte v\u00e1lido con vigencia de m\u00e1s de 6 meses a la fecha de salida del viaje. Este requisito es muy importante debido a que no te dejar\u00e1n ingresar a casi ning\u00fan pa\u00eds.<\/span><\/p><p><b>VISA: <\/b><span style=\"font-weight: 400;\">Dependiendo de tu pasaporte y del destino\u00a0 que quieras viajar, podes llegar a necesitar una Visa para ingresar a ciertos pa\u00edses, lo cual se gestiona a modo personal.<\/span><\/p><p><b>VACUNACI\u00d3N:<\/b><span style=\"font-weight: 400;\"> Te recomendamos revisar los requisitos de vacunaci\u00f3n para tu destino y asegurarte de estar al d\u00eda con las vacunas recomendadas o requeridas.<\/span><\/p><p><span style=\"font-weight: 400;\">Si necesitas ayuda adicional o tenes preguntas espec\u00edficas sobre la documentaci\u00f3n necesaria, no dudes en ponerte en contacto con nosotros.<\/span><\/p><\/div><\/div><\/div>\t\t\t\t\t\t\t\t<\/div>\n\t\t\t\t<\/div>\n\t\t\t\t<\/div>\n\t\t<div class=\"elementor-element elementor-element-c638e35 e-con-full e-flex e-con e-child\" data-id=\"c638e35\" data-element_type=\"container\" data-e-type=\"container\">\n\t\t\t\t<div class=\"elementor-element elementor-element-30142c2 elementor-widget elementor-widget-heading\" data-id=\"30142c2\" data-element_type=\"widget\" data-e-type=\"widget\" data-widget_type=\"heading.default\">\n\t\t\t\t<div class=\"elementor-widget-container\">\n\t\t\t\t\t<h3 class=\"elementor-heading-title elementor-size-default\">Puedo reservar y pagar por un viaje desde cualquier parte del mundo?\u00a0<\/h3>\t\t\t\t<\/div>\n\t\t\t\t<\/div>\n\t\t\t\t<div class=\"elementor-element elementor-element-593ab15 elementor-widget elementor-widget-text-editor\" data-id=\"593ab15\" data-element_type=\"widget\" data-e-type=\"widget\" data-widget_type=\"text-editor.default\">\n\t\t\t\t<div class=\"elementor-widget-container\">\n\t\t\t\t\t\t\t\t\t<p><span style=\"font-weight: 400;\">Si. Aunque la mayor\u00eda de nuestros viajeros son de Argentina, tenemos pasajeros provenientes de toda Latinoam\u00e9rica y Espa\u00f1a. Nuestro proceso de reserva y pago est\u00e1 dise\u00f1ado para ser f\u00e1cil y accesible para nuestros clientes internacionales.<\/span><\/p>\t\t\t\t\t\t\t\t<\/div>\n\t\t\t\t<\/div>\n\t\t\t\t<\/div>\n\t\t<div class=\"elementor-element elementor-element-a584739 e-con-full e-flex e-con e-child\" data-id=\"a584739\" data-element_type=\"container\" data-e-type=\"container\">\n\t\t\t\t<div class=\"elementor-element elementor-element-1be1c1c elementor-widget elementor-widget-heading\" data-id=\"1be1c1c\" data-element_type=\"widget\" data-e-type=\"widget\" data-widget_type=\"heading.default\">\n\t\t\t\t<div class=\"elementor-widget-container\">\n\t\t\t\t\t<h3 class=\"elementor-heading-title elementor-size-default\">\u00bfCu\u00e1les son las formas de pago disponibles?<\/h3>\t\t\t\t<\/div>\n\t\t\t\t<\/div>\n\t\t\t\t<div class=\"elementor-element elementor-element-e1e06ab elementor-widget elementor-widget-text-editor\" data-id=\"e1e06ab\" data-element_type=\"widget\" data-e-type=\"widget\" data-widget_type=\"text-editor.default\">\n\t\t\t\t<div class=\"elementor-widget-container\">\n\t\t\t\t\t\t\t\t\t<p><span style=\"font-weight: 400;\">El pago de los viajes puede ser en efectivo, transferencia bancaria o dep\u00f3sito<\/span><b>.<\/b><\/p>\t\t\t\t\t\t\t\t<\/div>\n\t\t\t\t<\/div>\n\t\t\t\t<\/div>\n\t\t<div class=\"elementor-element elementor-element-003033f e-con-full e-flex e-con e-child\" data-id=\"003033f\" data-element_type=\"container\" data-e-type=\"container\">\n\t\t\t\t<div class=\"elementor-element elementor-element-51f8e56 elementor-widget elementor-widget-heading\" data-id=\"51f8e56\" data-element_type=\"widget\" data-e-type=\"widget\" data-widget_type=\"heading.default\">\n\t\t\t\t<div class=\"elementor-widget-container\">\n\t\t\t\t\t<h3 class=\"elementor-heading-title elementor-size-default\">\u00bfQu\u00e9 servicios est\u00e1n incluidos en los paquetes de viaje que ofrecen?<\/h3>\t\t\t\t<\/div>\n\t\t\t\t<\/div>\n\t\t\t\t<div class=\"elementor-element elementor-element-0c8d12b elementor-widget elementor-widget-text-editor\" data-id=\"0c8d12b\" data-element_type=\"widget\" data-e-type=\"widget\" data-widget_type=\"text-editor.default\">\n\t\t\t\t<div class=\"elementor-widget-container\">\n\t\t\t\t\t\t\t\t\t<p><strong>INDIVIDUALES: <\/strong>Los servicios incluidos son los que se encuentran en el programa ofrecido o individualmente contratados.<\/p><p><strong>GRUPALES:<\/strong> En general, salvo lo ofrecido y excluido en las condiciones particulares, se encuentran incluidos los siguientes servicios: Ae\u0301reos internacionales, alojamiento en hoteles especificados en las condiciones particulares, comidas todos los desayunos incluidos, almuerzos y cenas detallados en los itinerarios, entradas incluidas de las actividades mencionadas en los itinerarios, gui\u0301as locales, seguro me\u0301dico, sistema de audio, coordinador todo el tour, propinas a gui\u0301a y chofer.<\/p><p><em>Todos los bienes y servicios ofrecidos en el itinerario, inclui\u0301dos los servicios tanto ae\u0301reos como terrestres, son tentativos y esta\u0301n sujetos a disponibilidad.<\/em><\/p>\t\t\t\t\t\t\t\t<\/div>\n\t\t\t\t<\/div>\n\t\t\t\t<\/div>\n\t\t<div class=\"elementor-element elementor-element-ab2d83e e-con-full e-flex e-con e-child\" data-id=\"ab2d83e\" data-element_type=\"container\" data-e-type=\"container\">\n\t\t\t\t<div class=\"elementor-element elementor-element-7586efa elementor-widget elementor-widget-heading\" data-id=\"7586efa\" data-element_type=\"widget\" data-e-type=\"widget\" data-widget_type=\"heading.default\">\n\t\t\t\t<div class=\"elementor-widget-container\">\n\t\t\t\t\t<h3 class=\"elementor-heading-title elementor-size-default\">\u00bfCon qui\u00e9n compartir\u00e9 habitaci\u00f3n en los viajes?<\/h3>\t\t\t\t<\/div>\n\t\t\t\t<\/div>\n\t\t\t\t<div class=\"elementor-element elementor-element-64c7297 elementor-widget elementor-widget-text-editor\" data-id=\"64c7297\" data-element_type=\"widget\" data-e-type=\"widget\" data-widget_type=\"text-editor.default\">\n\t\t\t\t<div class=\"elementor-widget-container\">\n\t\t\t\t\t\t\t\t\t<p><span style=\"font-weight: 400;\">Nuestras salidas grupales son con habitaci\u00f3n compartida. Si viajas acompa\u00f1ado\/a podr\u00e1s compartir la habitaci\u00f3n con esa persona y en caso de viajar solo\/a haremos lo posible por agruparte con viajeros con intereses similares. En caso de preferir habitaci\u00f3n individual te enviaremos la cotizaci\u00f3n correspondiente.<\/span><\/p>\t\t\t\t\t\t\t\t<\/div>\n\t\t\t\t<\/div>\n\t\t\t\t<\/div>\n\t\t<div class=\"elementor-element elementor-element-24fff66 e-con-full e-flex e-con e-child\" data-id=\"24fff66\" data-element_type=\"container\" data-e-type=\"container\">\n\t\t\t\t<div class=\"elementor-element elementor-element-c40b910 elementor-widget elementor-widget-heading\" data-id=\"c40b910\" data-element_type=\"widget\" data-e-type=\"widget\" data-widget_type=\"heading.default\">\n\t\t\t\t<div class=\"elementor-widget-container\">\n\t\t\t\t\t<h3 class=\"elementor-heading-title elementor-size-default\">\u00bfQu\u00e9 vigencias tienen las cotizaciones?<\/h3>\t\t\t\t<\/div>\n\t\t\t\t<\/div>\n\t\t\t\t<div class=\"elementor-element elementor-element-665e390 elementor-widget elementor-widget-text-editor\" data-id=\"665e390\" data-element_type=\"widget\" data-e-type=\"widget\" data-widget_type=\"text-editor.default\">\n\t\t\t\t<div class=\"elementor-widget-container\">\n\t\t\t\t\t\t\t\t\t<p><span style=\"font-weight: 400;\">La vigencia de las cotizaciones van a depender del tipo de programa. En caso de ser salida grupal la cotizaci\u00f3n tiene una vigencia de 7 d\u00edas. Cotizaci\u00f3n individual 5 d\u00edas y cotizaciones de vuelos 24 horas.<\/span><\/p>\t\t\t\t\t\t\t\t<\/div>\n\t\t\t\t<\/div>\n\t\t\t\t<\/div>\n\t\t<div class=\"elementor-element elementor-element-717c73a e-con-full e-flex e-con e-child\" data-id=\"717c73a\" data-element_type=\"container\" data-e-type=\"container\">\n\t\t\t\t<div class=\"elementor-element elementor-element-2bc5627 elementor-widget elementor-widget-heading\" data-id=\"2bc5627\" data-element_type=\"widget\" data-e-type=\"widget\" data-widget_type=\"heading.default\">\n\t\t\t\t<div class=\"elementor-widget-container\">\n\t\t\t\t\t<h3 class=\"elementor-heading-title elementor-size-default\">\u00bfCu\u00e1l es la modalidad de las salidas grupales?\u00a0<\/h3>\t\t\t\t<\/div>\n\t\t\t\t<\/div>\n\t\t\t\t<div class=\"elementor-element elementor-element-2b200f3 elementor-widget elementor-widget-text-editor\" data-id=\"2b200f3\" data-element_type=\"widget\" data-e-type=\"widget\" data-widget_type=\"text-editor.default\">\n\t\t\t\t<div class=\"elementor-widget-container\">\n\t\t\t\t\t\t\t\t\t<p><span style=\"font-weight: 400;\">Cada pasajero podr\u00e1 viajar desde su propio pa\u00eds y nos encontramos en el punto de encuentro que es la primera ciudad del itinerario, por lo que no importa en qu\u00e9 parte del mundo vivas. Cada grupo es acompa\u00f1ado por un tour leader que se encargar\u00e1 de coordinar y gestionar todos los servicios durante el viaje (Check-In en hoteles, traslados, comidas, visitas, tours y m\u00e1s) adem\u00e1s contamos con gu\u00edas locales en cada ciudad.<\/span><\/p>\t\t\t\t\t\t\t\t<\/div>\n\t\t\t\t<\/div>\n\t\t\t\t<\/div>\n\t\t<div class=\"elementor-element elementor-element-d50933e e-con-full e-flex e-con e-child\" data-id=\"d50933e\" data-element_type=\"container\" data-e-type=\"container\">\n\t\t\t\t<div class=\"elementor-element elementor-element-4d01396 elementor-widget elementor-widget-heading\" data-id=\"4d01396\" data-element_type=\"widget\" data-e-type=\"widget\" data-widget_type=\"heading.default\">\n\t\t\t\t<div class=\"elementor-widget-container\">\n\t\t\t\t\t<h3 class=\"elementor-heading-title elementor-size-default\">\u00bfQu\u00e9 datos podemos pedirte para cotizar un viaje?\u00a0<\/h3>\t\t\t\t<\/div>\n\t\t\t\t<\/div>\n\t\t\t\t<div class=\"elementor-element elementor-element-27479d7 elementor-widget elementor-widget-text-editor\" data-id=\"27479d7\" data-element_type=\"widget\" data-e-type=\"widget\" data-widget_type=\"text-editor.default\">\n\t\t\t\t<div class=\"elementor-widget-container\">\n\t\t\t\t\t\t\t\t\t<p><span style=\"font-weight: 400;\">Para poder realizar una cotizaci\u00f3n exacta vamos a pedirte algunos datos necesarios para conocer un poco m\u00e1s tus necesidades, gustos, cantidad de pasajeros, fechas, etc.<\/span><\/p>\t\t\t\t\t\t\t\t<\/div>\n\t\t\t\t<\/div>\n\t\t\t\t<\/div>\n\t\t\t\t<div class=\"elementor-element elementor-element-d3b58f7 elementor-align-center elementor-widget elementor-widget-button\" data-id=\"d3b58f7\" data-element_type=\"widget\" data-e-type=\"widget\" data-widget_type=\"button.default\">\n\t\t\t\t<div class=\"elementor-widget-container\">\n\t\t\t\t\t\t\t\t\t<div class=\"elementor-button-wrapper\">\n\t\t\t\t\t<a class=\"elementor-button elementor-button-link elementor-size-sm\" href=\"https:\/\/ealgrouptravel.mx\/wp-content\/uploads\/2025\/07\/Contrato-GRUPALES-.pdf\">\n\t\t\t\t\t\t<span class=\"elementor-button-content-wrapper\">\n\t\t\t\t\t\t\t\t\t<span class=\"elementor-button-text\">T\u00e9rminos y Condiciones - GRUPALES<\/span>\n\t\t\t\t\t<\/span>\n\t\t\t\t\t<\/a>\n\t\t\t\t<\/div>\n\t\t\t\t\t\t\t\t<\/div>\n\t\t\t\t<\/div>\n\t\t\t\t<div class=\"elementor-element elementor-element-e5258c2 elementor-align-center elementor-widget elementor-widget-button\" data-id=\"e5258c2\" data-element_type=\"widget\" data-e-type=\"widget\" data-widget_type=\"button.default\">\n\t\t\t\t<div class=\"elementor-widget-container\">\n\t\t\t\t\t\t\t\t\t<div class=\"elementor-button-wrapper\">\n\t\t\t\t\t<a class=\"elementor-button elementor-button-link elementor-size-sm\" href=\"https:\/\/ealgrouptravel.mx\/wp-content\/uploads\/2025\/07\/Contrato-INDIVIDUALES-.pdf\">\n\t\t\t\t\t\t<span class=\"elementor-button-content-wrapper\">\n\t\t\t\t\t\t\t\t\t<span class=\"elementor-button-text\">T\u00e9rminos y Condiciones - INDIVIDUALES<\/span>\n\t\t\t\t\t<\/span>\n\t\t\t\t\t<\/a>\n\t\t\t\t<\/div>\n\t\t\t\t\t\t\t\t<\/div>\n\t\t\t\t<\/div>\n\t\t\t\t\t<\/div>\n\t\t\t\t<\/div>\n\t\t\t\t<\/div>","protected":false},"excerpt":{"rendered":"<p>Preguntas Frecuentes \u00bfCu\u00e1les son los destinos y programas de viaje que ofrecen actualmente? Todos nuestros destinos y programas de viaje est\u00e1n detallados en nuestra secci\u00f3n \u00abProgramas\u00bb de esta web. Si est\u00e1s interesado en conocer m\u00e1s sobre alg\u00fan otro destino, te invitamos a contactarnos a trav\u00e9s de nuestro WhatsApp para obtener m\u00e1s informaci\u00f3n. \u00bfQu\u00e9 documentaci\u00f3n necesito [&hellip;]<\/p>\n","protected":false},"author":3,"featured_media":0,"parent":0,"menu_order":0,"comment_status":"closed","ping_status":"closed","template":"elementor_header_footer","meta":{"_acf_changed":false,"_joinchat":[],"footnotes":""},"class_list":["post-282","page","type-page","status-publish","hentry"],"acf":[],"_links":{"self":[{"href":"https:\/\/ealgrouptravel.mx\/en\/wp-json\/wp\/v2\/pages\/282","targetHints":{"allow":["GET"]}}],"collection":[{"href":"https:\/\/ealgrouptravel.mx\/en\/wp-json\/wp\/v2\/pages"}],"about":[{"href":"https:\/\/ealgrouptravel.mx\/en\/wp-json\/wp\/v2\/types\/page"}],"author":[{"embeddable":true,"href":"https:\/\/ealgrouptravel.mx\/en\/wp-json\/wp\/v2\/users\/3"}],"replies":[{"embeddable":true,"href":"https:\/\/ealgrouptravel.mx\/en\/wp-json\/wp\/v2\/comments?post=282"}],"version-history":[{"count":37,"href":"https:\/\/ealgrouptravel.mx\/en\/wp-json\/wp\/v2\/pages\/282\/revisions"}],"predecessor-version":[{"id":6412,"href":"https:\/\/ealgrouptravel.mx\/en\/wp-json\/wp\/v2\/pages\/282\/revisions\/6412"}],"wp:attachment":[{"href":"https:\/\/ealgrouptravel.mx\/en\/wp-json\/wp\/v2\/media?parent=282"}],"curies":[{"name":"wp","href":"https:\/\/api.w.org\/{rel}","templated":true}]}}